{"id":138,"date":"2025-11-02T12:33:02","date_gmt":"2025-11-02T11:33:02","guid":{"rendered":"https:\/\/www.mattesrestaurace.cz\/rezervace\/"},"modified":"2026-03-31T14:55:21","modified_gmt":"2026-03-31T12:55:21","slug":"reservations","status":"publish","type":"page","link":"https:\/\/www.mattesrestaurace.cz\/en\/reservations\/","title":{"rendered":"Reservations"},"content":{"rendered":"<div class=\"wpb-content-wrapper\"><p>[vc_row full_width=&#8221;stretch_row_content_no_spaces&#8221;][vc_column][vc_column_text css=&#8221;&#8221;]<\/p>\n<ul class=\"bxslider bx-full\">\n<li class=\"slide\"><img decoding=\"async\" src=\"https:\/\/www.mattesrestaurace.cz\/wp-content\/uploads\/2025\/11\/mattes-restaurace-5-1.jpg\" alt=\"Mattes restaurace\" \/><\/li>\n<\/ul>\n<p>[\/vc_column_text][\/vc_column][\/vc_row][vc_row][vc_column][vc_column_text css=&#8221;&#8221;]<\/p>\n<h1 style=\"text-align: center;\">Rezervace<\/h1>\n<p>[\/vc_column_text][\/vc_column][\/vc_row][vc_row][vc_column][vc_raw_html css=&#8221;&#8221;]PGRpdiBzdHlsZT0ibWluLWhlaWdodDogODAwcHg7Ij4NCjxpZnJhbWUgaWQ9InByci1mb29kLW1lbnUtZnJhbWUiIHN0eWxlPSJ3aWR0aDoxMDAlOyBoZWlnaHQ6MTAwJTsgYm9yZGVyOjA7IiBzcmM9Imh0dHBzOi8vd3d3LnJlamRpbGt5LmN6L3JlemVydmFjZS1uYS13ZWIvY3MvbWF0dGVzLXJlc3RhdXJhY2UiPjwvaWZyYW1lPg0KPC9kaXY+PGJyPjxzY3JpcHQgdHlwZT0idGV4dC9qYXZhc2NyaXB0Ij4NCnZhciBzZWxlY3RvciA9ICdwcnItZm9vZC1tZW51LWZyYW1lJzt3aW5kb3cuYWRkRXZlbnRMaXN0ZW5lcignc2Nyb2xsJywgZnVuY3Rpb24gKGV2ZW50KSB7DQp2YXIgcHJyRnJhbWUgPSBkb2N1bWVudC5xdWVyeVNlbGVjdG9yKCcjJyArIHNlbGVjdG9yKTt2YXIgdG9wT2Zmc2V0ID0gcHJyRnJhbWUuZ2V0Qm91bmRpbmdDbGllbnRSZWN0KCkudG9wICsgd2luZG93LnNjcm9sbFk7dmFyIGN1cnJlbnRTY3JvbGwgPSBkb2N1bWVudC5zY3JvbGxpbmdFbGVtZW50LnNjcm9sbFRvcDtwcnJGcmFtZS5jb250ZW50V2luZG93LnBvc3RNZXNzYWdlKCJmcmFtZToiICsgdG9wT2Zmc2V0ICsgJzonICsgY3VycmVudFNjcm9sbCArICc6JyArIHNlbGVjdG9yLCAnKicpO3ByckZyYW1lLmNvbnRlbnRXaW5kb3cucG9zdE1lc3NhZ2UoImdldEhlaWdodDoiICsgdG9wT2Zmc2V0ICsgJzonICsgc2VsZWN0b3IsICcqJyk7DQp9KTt3aW5kb3cuYWRkRXZlbnRMaXN0ZW5lcignbG9hZCcsIGZ1bmN0aW9uIChldmVudCkgew0KdmFyIHByckZyYW1lID0gZG9jdW1lbnQucXVlcnlTZWxlY3RvcignIycgKyBzZWxlY3Rvcik7dmFyIHRvcE9mZnNldCA9IHByckZyYW1lLmdldEJvdW5kaW5nQ2xpZW50UmVjdCgpLnRvcCArIHdpbmRvdy5zY3JvbGxZO3ByckZyYW1lLmNvbnRlbnRXaW5kb3cucG9zdE1lc3NhZ2UoImdldEhlaWdodDoiICsgdG9wT2Zmc2V0ICsgJzonICsgc2VsZWN0b3IsICcqJyk7DQp9KTt3aW5kb3cuYWRkRXZlbnRMaXN0ZW5lcignbWVzc2FnZScsIGZ1bmN0aW9uIChldmVudCkgew0KaWYgKGV2ZW50LmRhdGEgIT09IHVuZGVmaW5lZCkgeyBpZiAoT2JqZWN0LnByb3RvdHlwZS50b1N0cmluZy5jYWxsKGV2ZW50LmRhdGEpID09PSAnW29iamVjdCBTdHJpbmddJyAmJiBldmVudC5kYXRhLmluZGV4T2YoJzonKSA+IDApIHsgdmFyIG1lc3NhZ2VDb250ZW50ID0gZXZlbnQuZGF0YS5zcGxpdCgnOicpO3ZhciBteVR5cGUgPSBtZXNzYWdlQ29udGVudFswXTt2YXIgdG9wT2Zmc2V0ID0gbWVzc2FnZUNvbnRlbnRbMV07dmFyIGZyYW1lTmFtZSA9IG1lc3NhZ2VDb250ZW50WzJdO3ZhciBmb3JjZVNjcm9sbCA9IG1lc3NhZ2VDb250ZW50WzNdO2lmIChteVR5cGUgPT09ICdjb250ZW50SGVpZ2h0JykgeyB2YXIgcHJyRnJhbWUgPSBkb2N1bWVudC5nZXRFbGVtZW50QnlJZChzZWxlY3Rvcik7aWYgKChmcmFtZU5hbWUgPT09IHNlbGVjdG9yKSkgeyBwcnJGcmFtZS5zdHlsZS5oZWlnaHQgPSB0b3BPZmZzZXQgKyAicHgiO2lmIChmb3JjZVNjcm9sbCA9PT0gJ3Njcm9sbCcpeyBwcnJGcmFtZS5zY3JvbGxJbnRvVmlldygpO319fX19fSwgZmFsc2UpOw0KPC9zY3JpcHQ+[\/vc_raw_html][\/vc_column][\/vc_row]<\/p>\n<\/div>","protected":false},"excerpt":{"rendered":"<p>[vc_row full_width=&#8221;stretch_row_content_no_spaces&#8221;][vc_column][vc_column_text css=&#8221;&#8221;] [\/vc_column_text][\/vc_column][\/vc_row][vc_row][vc_column][vc_column_text css=&#8221;&#8221;] Rezervace [\/vc_column_text][\/vc_column][\/vc_row][vc_row][vc_column][vc_raw_html css=&#8221;&#8221;]PGRpdiBzdHlsZT0ibWluLWhlaWdodDogODAwcHg7Ij4NCjxpZnJhbWUgaWQ9InByci1mb29kLW1lbnUtZnJhbWUiIHN0eWxlPSJ3aWR0aDoxMDAlOyBoZWlnaHQ6MTAwJTsgYm9yZGVyOjA7IiBzcmM9Imh0dHBzOi8vd3d3LnJlamRpbGt5LmN6L3JlemVydmFjZS1uYS13ZWIvY3MvbWF0dGVzLXJlc3RhdXJhY2UiPjwvaWZyYW1lPg0KPC9kaXY+PGJyPjxzY3JpcHQgdHlwZT0idGV4dC9qYXZhc2NyaXB0Ij4NCnZhciBzZWxlY3RvciA9ICdwcnItZm9vZC1tZW51LWZyYW1lJzt3aW5kb3cuYWRkRXZlbnRMaXN0ZW5lcignc2Nyb2xsJywgZnVuY3Rpb24gKGV2ZW50KSB7DQp2YXIgcHJyRnJhbWUgPSBkb2N1bWVudC5xdWVyeVNlbGVjdG9yKCcjJyArIHNlbGVjdG9yKTt2YXIgdG9wT2Zmc2V0ID0gcHJyRnJhbWUuZ2V0Qm91bmRpbmdDbGllbnRSZWN0KCkudG9wICsgd2luZG93LnNjcm9sbFk7dmFyIGN1cnJlbnRTY3JvbGwgPSBkb2N1bWVudC5zY3JvbGxpbmdFbGVtZW50LnNjcm9sbFRvcDtwcnJGcmFtZS5jb250ZW50V2luZG93LnBvc3RNZXNzYWdlKCJmcmFtZToiICsgdG9wT2Zmc2V0ICsgJzonICsgY3VycmVudFNjcm9sbCArICc6JyArIHNlbGVjdG9yLCAnKicpO3ByckZyYW1lLmNvbnRlbnRXaW5kb3cucG9zdE1lc3NhZ2UoImdldEhlaWdodDoiICsgdG9wT2Zmc2V0ICsgJzonICsgc2VsZWN0b3IsICcqJyk7DQp9KTt3aW5kb3cuYWRkRXZlbnRMaXN0ZW5lcignbG9hZCcsIGZ1bmN0aW9uIChldmVudCkgew0KdmFyIHByckZyYW1lID0gZG9jdW1lbnQucXVlcnlTZWxlY3RvcignIycgKyBzZWxlY3Rvcik7dmFyIHRvcE9mZnNldCA9IHByckZyYW1lLmdldEJvdW5kaW5nQ2xpZW50UmVjdCgpLnRvcCArIHdpbmRvdy5zY3JvbGxZO3ByckZyYW1lLmNvbnRlbnRXaW5kb3cucG9zdE1lc3NhZ2UoImdldEhlaWdodDoiICsgdG9wT2Zmc2V0ICsgJzonICsgc2VsZWN0b3IsICcqJyk7DQp9KTt3aW5kb3cuYWRkRXZlbnRMaXN0ZW5lcignbWVzc2FnZScsIGZ1bmN0aW9uIChldmVudCkgew0KaWYgKGV2ZW50LmRhdGEgIT09IHVuZGVmaW5lZCkgeyBpZiAoT2JqZWN0LnByb3RvdHlwZS50b1N0cmluZy5jYWxsKGV2ZW50LmRhdGEpID09PSAnW29iamVjdCBTdHJpbmddJyAmJiBldmVudC5kYXRhLmluZGV4T2YoJzonKSA+IDApIHsgdmFyIG1lc3NhZ2VDb250ZW50ID0gZXZlbnQuZGF0YS5zcGxpdCgnOicpO3ZhciBteVR5cGUgPSBtZXNzYWdlQ29udGVudFswXTt2YXIgdG9wT2Zmc2V0ID0gbWVzc2FnZUNvbnRlbnRbMV07dmFyIGZyYW1lTmFtZSA9IG1lc3NhZ2VDb250ZW50WzJdO3ZhciBmb3JjZVNjcm9sbCA9IG1lc3NhZ2VDb250ZW50WzNdO2lmIChteVR5cGUgPT09ICdjb250ZW50SGVpZ2h0JykgeyB2YXIgcHJyRnJhbWUgPSBkb2N1bWVudC5nZXRFbGVtZW50QnlJZChzZWxlY3Rvcik7aWYgKChmcmFtZU5hbWUgPT09IHNlbGVjdG9yKSkgeyBwcnJGcmFtZS5zdHlsZS5oZWlnaHQgPSB0b3BPZmZzZXQgKyAicHgiO2lmIChmb3JjZVNjcm9sbCA9PT0gJ3Njcm9sbCcpeyBwcnJGcmFtZS5zY3JvbGxJbnRvVmlldygpO319fX19fSwgZmFsc2UpOw0KPC9zY3JpcHQ+[\/vc_raw_html][\/vc_column][\/vc_row]<\/p>\n","protected":false},"author":1,"featured_media":135,"parent":0,"menu_order":0,"comment_status":"closed","ping_status":"closed","template":"","meta":{"footnotes":""},"class_list":["post-138","page","type-page","status-publish","has-post-thumbnail","hentry"],"yoast_head":"<!-- This site is optimized with the Yoast SEO plugin v27.6 - https:\/\/yoast.com\/product\/yoast-seo-wordpress\/ -->\n<title>Restaurace Praha 4 Na Str\u017ei \u2013 rezervace stolu | Mattes<\/title>\n<meta name=\"description\" content=\"Restaurace Praha 4 Na Str\u017ei Mattes ... Online rezervace stolu v restauraci a rychl\u00fd kontakt ... Vyberte term\u00edn a rezervujte st\u016fl\" \/>\n<meta name=\"robots\" content=\"index, follow, max-snippet:-1, max-image-preview:large, max-video-preview:-1\" \/>\n<link rel=\"canonical\" href=\"https:\/\/www.mattesrestaurace.cz\/en\/reservations\/\" \/>\n<meta property=\"og:locale\" content=\"en_US\" \/>\n<meta property=\"og:type\" content=\"article\" \/>\n<meta property=\"og:title\" content=\"Restaurace Praha 4 Na Str\u017ei \u2013 rezervace stolu | Mattes\" \/>\n<meta property=\"og:description\" content=\"Restaurace Praha 4 Na Str\u017ei Mattes ... Online rezervace stolu v restauraci a rychl\u00fd kontakt ... Vyberte term\u00edn a rezervujte st\u016fl\" \/>\n<meta property=\"og:url\" content=\"https:\/\/www.mattesrestaurace.cz\/en\/reservations\/\" \/>\n<meta property=\"og:site_name\" content=\"Mattes restaurace\" \/>\n<meta property=\"article:modified_time\" content=\"2026-03-31T12:55:21+00:00\" \/>\n<meta property=\"og:image\" content=\"https:\/\/www.mattesrestaurace.cz\/wp-content\/uploads\/2025\/11\/mattes-restaurace-5-1.jpg\" \/>\n\t<meta property=\"og:image:width\" content=\"1536\" \/>\n\t<meta property=\"og:image:height\" content=\"1024\" \/>\n\t<meta property=\"og:image:type\" content=\"image\/jpeg\" \/>\n<meta name=\"twitter:card\" content=\"summary_large_image\" \/>\n<meta name=\"twitter:title\" content=\"Restaurace Praha 4 Na Str\u017ei \u2013 rezervace stolu | Mattes\" \/>\n<meta name=\"twitter:description\" content=\"Restaurace Praha 4 Na Str\u017ei Mattes ... Online rezervace stolu v restauraci a rychl\u00fd kontakt ... Vyberte term\u00edn a rezervujte st\u016fl\" \/>\n<meta name=\"twitter:label1\" content=\"Est. reading time\" \/>\n\t<meta name=\"twitter:data1\" content=\"1 minute\" \/>\n<script type=\"application\/ld+json\" class=\"yoast-schema-graph\">{\"@context\":\"https:\\\/\\\/schema.org\",\"@graph\":[{\"@type\":\"WebPage\",\"@id\":\"https:\\\/\\\/www.mattesrestaurace.cz\\\/en\\\/reservations\\\/\",\"url\":\"https:\\\/\\\/www.mattesrestaurace.cz\\\/en\\\/reservations\\\/\",\"name\":\"Restaurace Praha 4 Na Str\u017ei \u2013 rezervace stolu | Mattes\",\"isPartOf\":{\"@id\":\"https:\\\/\\\/www.mattesrestaurace.cz\\\/en\\\/#website\"},\"primaryImageOfPage\":{\"@id\":\"https:\\\/\\\/www.mattesrestaurace.cz\\\/en\\\/reservations\\\/#primaryimage\"},\"image\":{\"@id\":\"https:\\\/\\\/www.mattesrestaurace.cz\\\/en\\\/reservations\\\/#primaryimage\"},\"thumbnailUrl\":\"https:\\\/\\\/www.mattesrestaurace.cz\\\/wp-content\\\/uploads\\\/2025\\\/11\\\/mattes-restaurace-5-1.jpg\",\"datePublished\":\"2025-11-02T11:33:02+00:00\",\"dateModified\":\"2026-03-31T12:55:21+00:00\",\"description\":\"Restaurace Praha 4 Na Str\u017ei Mattes ... Online rezervace stolu v restauraci a rychl\u00fd kontakt ... Vyberte term\u00edn a rezervujte st\u016fl\",\"breadcrumb\":{\"@id\":\"https:\\\/\\\/www.mattesrestaurace.cz\\\/en\\\/reservations\\\/#breadcrumb\"},\"inLanguage\":\"en-US\",\"potentialAction\":[{\"@type\":\"ReadAction\",\"target\":[\"https:\\\/\\\/www.mattesrestaurace.cz\\\/en\\\/reservations\\\/\"]}]},{\"@type\":\"ImageObject\",\"inLanguage\":\"en-US\",\"@id\":\"https:\\\/\\\/www.mattesrestaurace.cz\\\/en\\\/reservations\\\/#primaryimage\",\"url\":\"https:\\\/\\\/www.mattesrestaurace.cz\\\/wp-content\\\/uploads\\\/2025\\\/11\\\/mattes-restaurace-5-1.jpg\",\"contentUrl\":\"https:\\\/\\\/www.mattesrestaurace.cz\\\/wp-content\\\/uploads\\\/2025\\\/11\\\/mattes-restaurace-5-1.jpg\",\"width\":1536,\"height\":1024,\"caption\":\"Mattes restaurace\"},{\"@type\":\"BreadcrumbList\",\"@id\":\"https:\\\/\\\/www.mattesrestaurace.cz\\\/en\\\/reservations\\\/#breadcrumb\",\"itemListElement\":[{\"@type\":\"ListItem\",\"position\":1,\"name\":\"Dom\u016f\",\"item\":\"https:\\\/\\\/www.mattesrestaurace.cz\\\/en\\\/\"},{\"@type\":\"ListItem\",\"position\":2,\"name\":\"Reservations\"}]},{\"@type\":\"WebSite\",\"@id\":\"https:\\\/\\\/www.mattesrestaurace.cz\\\/en\\\/#website\",\"url\":\"https:\\\/\\\/www.mattesrestaurace.cz\\\/en\\\/\",\"name\":\"Mattes restaurace\",\"description\":\"\",\"potentialAction\":[{\"@type\":\"SearchAction\",\"target\":{\"@type\":\"EntryPoint\",\"urlTemplate\":\"https:\\\/\\\/www.mattesrestaurace.cz\\\/en\\\/?s={search_term_string}\"},\"query-input\":{\"@type\":\"PropertyValueSpecification\",\"valueRequired\":true,\"valueName\":\"search_term_string\"}}],\"inLanguage\":\"en-US\"}]}<\/script>\n<!-- \/ Yoast SEO plugin. -->","yoast_head_json":{"title":"Restaurace Praha 4 Na Str\u017ei \u2013 rezervace stolu | Mattes","description":"Restaurace Praha 4 Na Str\u017ei Mattes ... Online rezervace stolu v restauraci a rychl\u00fd kontakt ... Vyberte term\u00edn a rezervujte st\u016fl","robots":{"index":"index","follow":"follow","max-snippet":"max-snippet:-1","max-image-preview":"max-image-preview:large","max-video-preview":"max-video-preview:-1"},"canonical":"https:\/\/www.mattesrestaurace.cz\/en\/reservations\/","og_locale":"en_US","og_type":"article","og_title":"Restaurace Praha 4 Na Str\u017ei \u2013 rezervace stolu | Mattes","og_description":"Restaurace Praha 4 Na Str\u017ei Mattes ... Online rezervace stolu v restauraci a rychl\u00fd kontakt ... Vyberte term\u00edn a rezervujte st\u016fl","og_url":"https:\/\/www.mattesrestaurace.cz\/en\/reservations\/","og_site_name":"Mattes restaurace","article_modified_time":"2026-03-31T12:55:21+00:00","og_image":[{"width":1536,"height":1024,"url":"https:\/\/www.mattesrestaurace.cz\/wp-content\/uploads\/2025\/11\/mattes-restaurace-5-1.jpg","type":"image\/jpeg"}],"twitter_card":"summary_large_image","twitter_title":"Restaurace Praha 4 Na Str\u017ei \u2013 rezervace stolu | Mattes","twitter_description":"Restaurace Praha 4 Na Str\u017ei Mattes ... Online rezervace stolu v restauraci a rychl\u00fd kontakt ... Vyberte term\u00edn a rezervujte st\u016fl","twitter_misc":{"Est. reading time":"1 minute"},"schema":{"@context":"https:\/\/schema.org","@graph":[{"@type":"WebPage","@id":"https:\/\/www.mattesrestaurace.cz\/en\/reservations\/","url":"https:\/\/www.mattesrestaurace.cz\/en\/reservations\/","name":"Restaurace Praha 4 Na Str\u017ei \u2013 rezervace stolu | Mattes","isPartOf":{"@id":"https:\/\/www.mattesrestaurace.cz\/en\/#website"},"primaryImageOfPage":{"@id":"https:\/\/www.mattesrestaurace.cz\/en\/reservations\/#primaryimage"},"image":{"@id":"https:\/\/www.mattesrestaurace.cz\/en\/reservations\/#primaryimage"},"thumbnailUrl":"https:\/\/www.mattesrestaurace.cz\/wp-content\/uploads\/2025\/11\/mattes-restaurace-5-1.jpg","datePublished":"2025-11-02T11:33:02+00:00","dateModified":"2026-03-31T12:55:21+00:00","description":"Restaurace Praha 4 Na Str\u017ei Mattes ... Online rezervace stolu v restauraci a rychl\u00fd kontakt ... Vyberte term\u00edn a rezervujte st\u016fl","breadcrumb":{"@id":"https:\/\/www.mattesrestaurace.cz\/en\/reservations\/#breadcrumb"},"inLanguage":"en-US","potentialAction":[{"@type":"ReadAction","target":["https:\/\/www.mattesrestaurace.cz\/en\/reservations\/"]}]},{"@type":"ImageObject","inLanguage":"en-US","@id":"https:\/\/www.mattesrestaurace.cz\/en\/reservations\/#primaryimage","url":"https:\/\/www.mattesrestaurace.cz\/wp-content\/uploads\/2025\/11\/mattes-restaurace-5-1.jpg","contentUrl":"https:\/\/www.mattesrestaurace.cz\/wp-content\/uploads\/2025\/11\/mattes-restaurace-5-1.jpg","width":1536,"height":1024,"caption":"Mattes restaurace"},{"@type":"BreadcrumbList","@id":"https:\/\/www.mattesrestaurace.cz\/en\/reservations\/#breadcrumb","itemListElement":[{"@type":"ListItem","position":1,"name":"Dom\u016f","item":"https:\/\/www.mattesrestaurace.cz\/en\/"},{"@type":"ListItem","position":2,"name":"Reservations"}]},{"@type":"WebSite","@id":"https:\/\/www.mattesrestaurace.cz\/en\/#website","url":"https:\/\/www.mattesrestaurace.cz\/en\/","name":"Mattes restaurace","description":"","potentialAction":[{"@type":"SearchAction","target":{"@type":"EntryPoint","urlTemplate":"https:\/\/www.mattesrestaurace.cz\/en\/?s={search_term_string}"},"query-input":{"@type":"PropertyValueSpecification","valueRequired":true,"valueName":"search_term_string"}}],"inLanguage":"en-US"}]}},"_links":{"self":[{"href":"https:\/\/www.mattesrestaurace.cz\/en\/wp-json\/wp\/v2\/pages\/138","targetHints":{"allow":["GET"]}}],"collection":[{"href":"https:\/\/www.mattesrestaurace.cz\/en\/wp-json\/wp\/v2\/pages"}],"about":[{"href":"https:\/\/www.mattesrestaurace.cz\/en\/wp-json\/wp\/v2\/types\/page"}],"author":[{"embeddable":true,"href":"https:\/\/www.mattesrestaurace.cz\/en\/wp-json\/wp\/v2\/users\/1"}],"replies":[{"embeddable":true,"href":"https:\/\/www.mattesrestaurace.cz\/en\/wp-json\/wp\/v2\/comments?post=138"}],"version-history":[{"count":7,"href":"https:\/\/www.mattesrestaurace.cz\/en\/wp-json\/wp\/v2\/pages\/138\/revisions"}],"predecessor-version":[{"id":249,"href":"https:\/\/www.mattesrestaurace.cz\/en\/wp-json\/wp\/v2\/pages\/138\/revisions\/249"}],"wp:featuredmedia":[{"embeddable":true,"href":"https:\/\/www.mattesrestaurace.cz\/en\/wp-json\/wp\/v2\/media\/135"}],"wp:attachment":[{"href":"https:\/\/www.mattesrestaurace.cz\/en\/wp-json\/wp\/v2\/media?parent=138"}],"curies":[{"name":"wp","href":"https:\/\/api.w.org\/{rel}","templated":true}]}}