{"id":133,"date":"2025-11-02T07:06:13","date_gmt":"2025-11-02T06:06:13","guid":{"rendered":"https:\/\/www.mattesrestaurace.cz\/menu\/"},"modified":"2026-02-05T00:34:26","modified_gmt":"2026-02-04T23:34:26","slug":"menu","status":"publish","type":"page","link":"https:\/\/www.mattesrestaurace.cz\/en\/menu\/","title":{"rendered":"Menu"},"content":{"rendered":"<div class=\"wpb-content-wrapper\"><p>[vc_row full_width=&#8221;stretch_row_content_no_spaces&#8221;][vc_column][vc_column_text css=&#8221;&#8221;]<\/p>\n<ul class=\"bxslider bx-full\">\n<li class=\"slide\"><img decoding=\"async\" src=\"https:\/\/www.mattesrestaurace.cz\/wp-content\/uploads\/2025\/11\/mattes-restaurace-04.jpg\" alt=\"Mattes restaurace\" \/><\/li>\n<li class=\"slide\"><img decoding=\"async\" src=\"https:\/\/www.mattesrestaurace.cz\/wp-content\/uploads\/2025\/11\/mattes-restaurace-2.jpg\" alt=\"Mattes restaurace\" \/><\/li>\n<li class=\"slide\"><img decoding=\"async\" src=\"https:\/\/www.mattesrestaurace.cz\/wp-content\/uploads\/2025\/11\/mattes-restaurace-09.jpg\" alt=\"Mattes restaurace\" \/><\/li>\n<li class=\"slide\"><img decoding=\"async\" src=\"https:\/\/www.mattesrestaurace.cz\/wp-content\/uploads\/2025\/11\/mattes-restaurace-01.jpg\" alt=\"Mattes restaurace\" \/><\/li>\n<\/ul>\n<p>\n[\/vc_column_text][\/vc_column][\/vc_row][vc_row][vc_column][vc_custom_heading source=&#8221;post_title&#8221; font_container=&#8221;tag:h1|text_align:center|color:%23111111&#8243; use_theme_fonts=&#8221;yes&#8221; css=&#8221;.vc_custom_1762079424635{margin-top: 30px !important;}&#8221;][\/vc_column][\/vc_row][vc_row el_id=&#8221;dnbox&#8221; el_class=&#8221;smbox&#8221; css=&#8221;.vc_custom_1762083529281{margin-bottom: 80px !important;}&#8221;][vc_column][vc_raw_js el_id=&#8221;dnbox&#8221;]JTNDc2NyaXB0JTIwc3JjJTNEJTIyaHR0cHMlM0ElMkYlMkZ3d3cubWVudWJvdC5jeiUyRmFwcCUyRnVzZXJzJTJGbWF0dGVzMzI1OTg0NTg3NTY5MzI0NTg5ODUlMkZleHBvcnQlMkZzdGFuZGFyZG1lbnUxX2EuanMlM0YlMjIlMjAlMkIlMjBEYXRlLm5vdyUyOCUyOSUzRSUzQyUyRnNjcmlwdCUzRQ==[\/vc_raw_js][\/vc_column][\/vc_row]<\/p>\n<\/div>","protected":false},"excerpt":{"rendered":"<p>[vc_row full_width=&#8221;stretch_row_content_no_spaces&#8221;][vc_column][vc_column_text css=&#8221;&#8221;] [\/vc_column_text][\/vc_column][\/vc_row][vc_row][vc_column][vc_custom_heading source=&#8221;post_title&#8221; font_container=&#8221;tag:h1|text_align:center|color:%23111111&#8243; use_theme_fonts=&#8221;yes&#8221; css=&#8221;.vc_custom_1762079424635{margin-top: 30px !important;}&#8221;][\/vc_column][\/vc_row][vc_row el_id=&#8221;dnbox&#8221; el_class=&#8221;smbox&#8221; css=&#8221;.vc_custom_1762083529281{margin-bottom: 80px !important;}&#8221;][vc_column][vc_raw_js el_id=&#8221;dnbox&#8221;]JTNDc2NyaXB0JTIwc3JjJTNEJTIyaHR0cHMlM0ElMkYlMkZ3d3cubWVudWJvdC5jeiUyRmFwcCUyRnVzZXJzJTJGbWF0dGVzMzI1OTg0NTg3NTY5MzI0NTg5ODUlMkZleHBvcnQlMkZzdGFuZGFyZG1lbnUxX2EuanMlM0YlMjIlMjAlMkIlMjBEYXRlLm5vdyUyOCUyOSUzRSUzQyUyRnNjcmlwdCUzRQ==[\/vc_raw_js][\/vc_column][\/vc_row]<\/p>\n","protected":false},"author":1,"featured_media":120,"parent":0,"menu_order":0,"comment_status":"closed","ping_status":"closed","template":"","meta":{"footnotes":""},"class_list":["post-133","page","type-page","status-publish","has-post-thumbnail","hentry"],"yoast_head":"<!-- This site is optimized with the Yoast SEO plugin v27.6 - https:\/\/yoast.com\/product\/yoast-seo-wordpress\/ -->\n<title>Restaurace Praha 4 Na Str\u017ei \u2013 menu a kontakt | Mattes restaurace<\/title>\n<meta name=\"description\" content=\"Restaurace Praha 4 Na Str\u017ei nab\u00edz\u00ed menu Mattes restaurace ... Kontakt, adresa v Kr\u010di a praktick\u00e9 \u00fadaje najdete p\u0159ehledn\u011b zde ... Pro n\u00e1v\u0161t\u011bvu restaurace Praha 4 a snadn\u00e9 pl\u00e1nov\u00e1n\u00ed cesty\" \/>\n<meta name=\"robots\" content=\"index, follow, max-snippet:-1, max-image-preview:large, max-video-preview:-1\" \/>\n<link rel=\"canonical\" href=\"https:\/\/www.mattesrestaurace.cz\/en\/menu\/\" \/>\n<meta property=\"og:locale\" content=\"en_US\" \/>\n<meta property=\"og:type\" content=\"article\" \/>\n<meta property=\"og:title\" content=\"Restaurace Praha 4 Na Str\u017ei \u2013 menu a kontakt | Mattes restaurace\" \/>\n<meta property=\"og:description\" content=\"Restaurace Praha 4 Na Str\u017ei nab\u00edz\u00ed menu Mattes restaurace ... Kontakt, adresa v Kr\u010di a praktick\u00e9 \u00fadaje najdete p\u0159ehledn\u011b zde ... Pro n\u00e1v\u0161t\u011bvu restaurace Praha 4 a snadn\u00e9 pl\u00e1nov\u00e1n\u00ed cesty\" \/>\n<meta property=\"og:url\" content=\"https:\/\/www.mattesrestaurace.cz\/en\/menu\/\" \/>\n<meta property=\"og:site_name\" content=\"Mattes restaurace\" \/>\n<meta property=\"article:modified_time\" content=\"2026-02-04T23:34:26+00:00\" \/>\n<meta property=\"og:image\" content=\"https:\/\/www.mattesrestaurace.cz\/wp-content\/uploads\/2025\/11\/mattes-restaurace-09.jpg\" \/>\n\t<meta property=\"og:image:width\" content=\"1024\" \/>\n\t<meta property=\"og:image:height\" content=\"1024\" \/>\n\t<meta property=\"og:image:type\" content=\"image\/jpeg\" \/>\n<meta name=\"twitter:card\" content=\"summary_large_image\" \/>\n<meta name=\"twitter:title\" content=\"Restaurace Praha 4 Na Str\u017ei \u2013 menu a kontakt | Mattes restaurace\" \/>\n<meta name=\"twitter:description\" content=\"Restaurace Praha 4 Na Str\u017ei nab\u00edz\u00ed menu Mattes restaurace ... Kontakt, adresa v Kr\u010di a praktick\u00e9 \u00fadaje najdete p\u0159ehledn\u011b zde ... Pro n\u00e1v\u0161t\u011bvu restaurace Praha 4 a snadn\u00e9 pl\u00e1nov\u00e1n\u00ed cesty\" \/>\n<meta name=\"twitter:label1\" content=\"Est. reading time\" \/>\n\t<meta name=\"twitter:data1\" content=\"2 minutes\" \/>\n<script type=\"application\/ld+json\" class=\"yoast-schema-graph\">{\"@context\":\"https:\\\/\\\/schema.org\",\"@graph\":[{\"@type\":\"WebPage\",\"@id\":\"https:\\\/\\\/www.mattesrestaurace.cz\\\/en\\\/menu\\\/\",\"url\":\"https:\\\/\\\/www.mattesrestaurace.cz\\\/en\\\/menu\\\/\",\"name\":\"Restaurace Praha 4 Na Str\u017ei \u2013 menu a kontakt | Mattes restaurace\",\"isPartOf\":{\"@id\":\"https:\\\/\\\/www.mattesrestaurace.cz\\\/en\\\/#website\"},\"primaryImageOfPage\":{\"@id\":\"https:\\\/\\\/www.mattesrestaurace.cz\\\/en\\\/menu\\\/#primaryimage\"},\"image\":{\"@id\":\"https:\\\/\\\/www.mattesrestaurace.cz\\\/en\\\/menu\\\/#primaryimage\"},\"thumbnailUrl\":\"https:\\\/\\\/www.mattesrestaurace.cz\\\/wp-content\\\/uploads\\\/2025\\\/11\\\/mattes-restaurace-09.jpg\",\"datePublished\":\"2025-11-02T06:06:13+00:00\",\"dateModified\":\"2026-02-04T23:34:26+00:00\",\"description\":\"Restaurace Praha 4 Na Str\u017ei nab\u00edz\u00ed menu Mattes restaurace ... Kontakt, adresa v Kr\u010di a praktick\u00e9 \u00fadaje najdete p\u0159ehledn\u011b zde ... Pro n\u00e1v\u0161t\u011bvu restaurace Praha 4 a snadn\u00e9 pl\u00e1nov\u00e1n\u00ed cesty\",\"breadcrumb\":{\"@id\":\"https:\\\/\\\/www.mattesrestaurace.cz\\\/en\\\/menu\\\/#breadcrumb\"},\"inLanguage\":\"en-US\",\"potentialAction\":[{\"@type\":\"ReadAction\",\"target\":[\"https:\\\/\\\/www.mattesrestaurace.cz\\\/en\\\/menu\\\/\"]}]},{\"@type\":\"ImageObject\",\"inLanguage\":\"en-US\",\"@id\":\"https:\\\/\\\/www.mattesrestaurace.cz\\\/en\\\/menu\\\/#primaryimage\",\"url\":\"https:\\\/\\\/www.mattesrestaurace.cz\\\/wp-content\\\/uploads\\\/2025\\\/11\\\/mattes-restaurace-09.jpg\",\"contentUrl\":\"https:\\\/\\\/www.mattesrestaurace.cz\\\/wp-content\\\/uploads\\\/2025\\\/11\\\/mattes-restaurace-09.jpg\",\"width\":1024,\"height\":1024,\"caption\":\"Mattes restaurace\"},{\"@type\":\"BreadcrumbList\",\"@id\":\"https:\\\/\\\/www.mattesrestaurace.cz\\\/en\\\/menu\\\/#breadcrumb\",\"itemListElement\":[{\"@type\":\"ListItem\",\"position\":1,\"name\":\"Dom\u016f\",\"item\":\"https:\\\/\\\/www.mattesrestaurace.cz\\\/en\\\/\"},{\"@type\":\"ListItem\",\"position\":2,\"name\":\"Menu\"}]},{\"@type\":\"WebSite\",\"@id\":\"https:\\\/\\\/www.mattesrestaurace.cz\\\/en\\\/#website\",\"url\":\"https:\\\/\\\/www.mattesrestaurace.cz\\\/en\\\/\",\"name\":\"Mattes restaurace\",\"description\":\"\",\"potentialAction\":[{\"@type\":\"SearchAction\",\"target\":{\"@type\":\"EntryPoint\",\"urlTemplate\":\"https:\\\/\\\/www.mattesrestaurace.cz\\\/en\\\/?s={search_term_string}\"},\"query-input\":{\"@type\":\"PropertyValueSpecification\",\"valueRequired\":true,\"valueName\":\"search_term_string\"}}],\"inLanguage\":\"en-US\"}]}<\/script>\n<!-- \/ Yoast SEO plugin. -->","yoast_head_json":{"title":"Restaurace Praha 4 Na Str\u017ei \u2013 menu a kontakt | Mattes restaurace","description":"Restaurace Praha 4 Na Str\u017ei nab\u00edz\u00ed menu Mattes restaurace ... Kontakt, adresa v Kr\u010di a praktick\u00e9 \u00fadaje najdete p\u0159ehledn\u011b zde ... Pro n\u00e1v\u0161t\u011bvu restaurace Praha 4 a snadn\u00e9 pl\u00e1nov\u00e1n\u00ed cesty","robots":{"index":"index","follow":"follow","max-snippet":"max-snippet:-1","max-image-preview":"max-image-preview:large","max-video-preview":"max-video-preview:-1"},"canonical":"https:\/\/www.mattesrestaurace.cz\/en\/menu\/","og_locale":"en_US","og_type":"article","og_title":"Restaurace Praha 4 Na Str\u017ei \u2013 menu a kontakt | Mattes restaurace","og_description":"Restaurace Praha 4 Na Str\u017ei nab\u00edz\u00ed menu Mattes restaurace ... Kontakt, adresa v Kr\u010di a praktick\u00e9 \u00fadaje najdete p\u0159ehledn\u011b zde ... Pro n\u00e1v\u0161t\u011bvu restaurace Praha 4 a snadn\u00e9 pl\u00e1nov\u00e1n\u00ed cesty","og_url":"https:\/\/www.mattesrestaurace.cz\/en\/menu\/","og_site_name":"Mattes restaurace","article_modified_time":"2026-02-04T23:34:26+00:00","og_image":[{"width":1024,"height":1024,"url":"https:\/\/www.mattesrestaurace.cz\/wp-content\/uploads\/2025\/11\/mattes-restaurace-09.jpg","type":"image\/jpeg"}],"twitter_card":"summary_large_image","twitter_title":"Restaurace Praha 4 Na Str\u017ei \u2013 menu a kontakt | Mattes restaurace","twitter_description":"Restaurace Praha 4 Na Str\u017ei nab\u00edz\u00ed menu Mattes restaurace ... Kontakt, adresa v Kr\u010di a praktick\u00e9 \u00fadaje najdete p\u0159ehledn\u011b zde ... Pro n\u00e1v\u0161t\u011bvu restaurace Praha 4 a snadn\u00e9 pl\u00e1nov\u00e1n\u00ed cesty","twitter_misc":{"Est. reading time":"2 minutes"},"schema":{"@context":"https:\/\/schema.org","@graph":[{"@type":"WebPage","@id":"https:\/\/www.mattesrestaurace.cz\/en\/menu\/","url":"https:\/\/www.mattesrestaurace.cz\/en\/menu\/","name":"Restaurace Praha 4 Na Str\u017ei \u2013 menu a kontakt | Mattes restaurace","isPartOf":{"@id":"https:\/\/www.mattesrestaurace.cz\/en\/#website"},"primaryImageOfPage":{"@id":"https:\/\/www.mattesrestaurace.cz\/en\/menu\/#primaryimage"},"image":{"@id":"https:\/\/www.mattesrestaurace.cz\/en\/menu\/#primaryimage"},"thumbnailUrl":"https:\/\/www.mattesrestaurace.cz\/wp-content\/uploads\/2025\/11\/mattes-restaurace-09.jpg","datePublished":"2025-11-02T06:06:13+00:00","dateModified":"2026-02-04T23:34:26+00:00","description":"Restaurace Praha 4 Na Str\u017ei nab\u00edz\u00ed menu Mattes restaurace ... Kontakt, adresa v Kr\u010di a praktick\u00e9 \u00fadaje najdete p\u0159ehledn\u011b zde ... Pro n\u00e1v\u0161t\u011bvu restaurace Praha 4 a snadn\u00e9 pl\u00e1nov\u00e1n\u00ed cesty","breadcrumb":{"@id":"https:\/\/www.mattesrestaurace.cz\/en\/menu\/#breadcrumb"},"inLanguage":"en-US","potentialAction":[{"@type":"ReadAction","target":["https:\/\/www.mattesrestaurace.cz\/en\/menu\/"]}]},{"@type":"ImageObject","inLanguage":"en-US","@id":"https:\/\/www.mattesrestaurace.cz\/en\/menu\/#primaryimage","url":"https:\/\/www.mattesrestaurace.cz\/wp-content\/uploads\/2025\/11\/mattes-restaurace-09.jpg","contentUrl":"https:\/\/www.mattesrestaurace.cz\/wp-content\/uploads\/2025\/11\/mattes-restaurace-09.jpg","width":1024,"height":1024,"caption":"Mattes restaurace"},{"@type":"BreadcrumbList","@id":"https:\/\/www.mattesrestaurace.cz\/en\/menu\/#breadcrumb","itemListElement":[{"@type":"ListItem","position":1,"name":"Dom\u016f","item":"https:\/\/www.mattesrestaurace.cz\/en\/"},{"@type":"ListItem","position":2,"name":"Menu"}]},{"@type":"WebSite","@id":"https:\/\/www.mattesrestaurace.cz\/en\/#website","url":"https:\/\/www.mattesrestaurace.cz\/en\/","name":"Mattes restaurace","description":"","potentialAction":[{"@type":"SearchAction","target":{"@type":"EntryPoint","urlTemplate":"https:\/\/www.mattesrestaurace.cz\/en\/?s={search_term_string}"},"query-input":{"@type":"PropertyValueSpecification","valueRequired":true,"valueName":"search_term_string"}}],"inLanguage":"en-US"}]}},"_links":{"self":[{"href":"https:\/\/www.mattesrestaurace.cz\/en\/wp-json\/wp\/v2\/pages\/133","targetHints":{"allow":["GET"]}}],"collection":[{"href":"https:\/\/www.mattesrestaurace.cz\/en\/wp-json\/wp\/v2\/pages"}],"about":[{"href":"https:\/\/www.mattesrestaurace.cz\/en\/wp-json\/wp\/v2\/types\/page"}],"author":[{"embeddable":true,"href":"https:\/\/www.mattesrestaurace.cz\/en\/wp-json\/wp\/v2\/users\/1"}],"replies":[{"embeddable":true,"href":"https:\/\/www.mattesrestaurace.cz\/en\/wp-json\/wp\/v2\/comments?post=133"}],"version-history":[{"count":5,"href":"https:\/\/www.mattesrestaurace.cz\/en\/wp-json\/wp\/v2\/pages\/133\/revisions"}],"predecessor-version":[{"id":208,"href":"https:\/\/www.mattesrestaurace.cz\/en\/wp-json\/wp\/v2\/pages\/133\/revisions\/208"}],"wp:featuredmedia":[{"embeddable":true,"href":"https:\/\/www.mattesrestaurace.cz\/en\/wp-json\/wp\/v2\/media\/120"}],"wp:attachment":[{"href":"https:\/\/www.mattesrestaurace.cz\/en\/wp-json\/wp\/v2\/media?parent=133"}],"curies":[{"name":"wp","href":"https:\/\/api.w.org\/{rel}","templated":true}]}}